{"id":171,"date":"2012-01-07T19:40:06","date_gmt":"2012-01-07T19:40:06","guid":{"rendered":"http:\/\/www.arrukero.com\/dibulog\/?page_id=171"},"modified":"2012-01-14T18:11:59","modified_gmt":"2012-01-14T18:11:59","slug":"171-2","status":"publish","type":"page","link":"http:\/\/www.arrukero.com\/dibulog\/?page_id=171","title":{"rendered":"\u00bf?"},"content":{"rendered":"<p><img loading=\"lazy\" decoding=\"async\" class=\"alignnone size-full wp-image-172\" title=\"dibujante_beagle\" src=\"http:\/\/www.arrukero.com\/dibulog\/wp-content\/uploads\/2012\/01\/dibujante_beagle.png\" alt=\"\" width=\"750\" height=\"483\" srcset=\"http:\/\/www.arrukero.com\/dibulog\/wp-content\/uploads\/2012\/01\/dibujante_beagle.png 750w, http:\/\/www.arrukero.com\/dibulog\/wp-content\/uploads\/2012\/01\/dibujante_beagle-300x193.png 300w\" sizes=\"auto, (max-width: 750px) 100vw, 750px\" \/><\/p>\n<p>Soy maestro de primaria a tiempo completo, y algunas cosas m\u00e1s a tiempo parcial. Cuando tengo tiempo, dibujo, <a href=\"http:\/\/www.educacontic.es\/usuario\/nestor-alonso\" target=\"_blank\">a veces por encargo<\/a>, pero la mayor\u00eda por puro placer.<\/p>\n<p>Ilustraci\u00f3n: Dibujante en Gal\u00e1pagos, para <a href=\"http:\/\/creactivos.net\/naturaleza\/?p=286\" target=\"_blank\"><em>Cuaderno de campo<\/em><\/a>, proyecto de clase.<\/p>\n","protected":false},"excerpt":{"rendered":"<p>Soy maestro de primaria a tiempo completo, y algunas cosas m\u00e1s a tiempo parcial. Cuando tengo tiempo, dibujo, a veces por encargo, pero la mayor\u00eda por puro placer. Ilustraci\u00f3n: Dibujante en Gal\u00e1pagos, para Cuaderno de campo, proyecto de clase.<\/p>\n","protected":false},"author":1,"featured_media":0,"parent":0,"menu_order":0,"comment_status":"open","ping_status":"open","template":"","meta":{"footnotes":""},"class_list":["post-171","page","type-page","status-publish","hentry"],"_links":{"self":[{"href":"http:\/\/www.arrukero.com\/dibulog\/index.php?rest_route=\/wp\/v2\/pages\/171","targetHints":{"allow":["GET"]}}],"collection":[{"href":"http:\/\/www.arrukero.com\/dibulog\/index.php?rest_route=\/wp\/v2\/pages"}],"about":[{"href":"http:\/\/www.arrukero.com\/dibulog\/index.php?rest_route=\/wp\/v2\/types\/page"}],"author":[{"embeddable":true,"href":"http:\/\/www.arrukero.com\/dibulog\/index.php?rest_route=\/wp\/v2\/users\/1"}],"replies":[{"embeddable":true,"href":"http:\/\/www.arrukero.com\/dibulog\/index.php?rest_route=%2Fwp%2Fv2%2Fcomments&post=171"}],"version-history":[{"count":4,"href":"http:\/\/www.arrukero.com\/dibulog\/index.php?rest_route=\/wp\/v2\/pages\/171\/revisions"}],"predecessor-version":[{"id":218,"href":"http:\/\/www.arrukero.com\/dibulog\/index.php?rest_route=\/wp\/v2\/pages\/171\/revisions\/218"}],"wp:attachment":[{"href":"http:\/\/www.arrukero.com\/dibulog\/index.php?rest_route=%2Fwp%2Fv2%2Fmedia&parent=171"}],"curies":[{"name":"wp","href":"https:\/\/api.w.org\/{rel}","templated":true}]}}